{"id":7079,"date":"2025-12-04T15:38:51","date_gmt":"2025-12-04T15:38:51","guid":{"rendered":"https:\/\/bigassbattery.com\/politique-de-confidentialite\/"},"modified":"2025-12-24T11:19:03","modified_gmt":"2025-12-24T11:19:03","slug":"politique-de-confidentialite","status":"publish","type":"page","link":"https:\/\/bigassbattery.com\/fr\/politique-de-confidentialite\/","title":{"rendered":"Politique de confidentialit\u00e9"},"content":{"rendered":"\n<p>Big Ass Battery, situ\u00e9 via le site web <a href=\"https:\/\/bigassbattery.com\">https:\/\/bigassbattery.com,<\/a> est responsable du traitement des donn\u00e9es personnelles tel que refl\u00e9t\u00e9 dans cette politique de confidentialit\u00e9.<\/p>\n\n<p>Nous attachons une grande importance \u00e0 la protection de vos donn\u00e9es personnelles et les traitons avec soin et conform\u00e9ment au r\u00e8glement g\u00e9n\u00e9ral sur la protection des donn\u00e9es (RGPD).<br\/><br\/><strong>1. Donn\u00e9es personnelles que nous traitons<\/strong><br\/>Big Ass Battery traite des donn\u00e9es personnelles parce que vous utilisez notre site web et\/ou parce que vous nous fournissez vous-m\u00eame ces donn\u00e9es. Il peut s&rsquo;agir des donn\u00e9es suivantes : <br\/><br\/><em>Pr\u00e9nom et nom<br\/>Adresse \u00e9lectronique<br\/>Num\u00e9ro de t\u00e9l\u00e9phone (si compl\u00e9t\u00e9)<br\/>Adresse IP<br\/>Autres donn\u00e9es personnelles que vous fournissez activement, par exemple via un formulaire de contact<br\/>Donn\u00e9es relatives \u00e0 vos activit\u00e9s sur notre site web<br\/>Type de navigateur et d&rsquo;appareil<\/em><br\/><br\/><strong>2.<\/strong> Dans <strong>quel but et sur quelle base traitons-nous les donn\u00e9es \u00e0 caract\u00e8re personnel<\/strong>?<br\/>Big Ass Battery traite vos donn\u00e9es \u00e0 caract\u00e8re personnel dans les buts suivants :<br\/><br\/><em>Traitement des demandes de contact<br\/>R\u00e9ponse aux questions soumises via des formulaires<br\/>Am\u00e9lioration du site web et de l&rsquo;exp\u00e9rience des utilisateurs<br\/>Analyse du comportement des visiteurs (par exemple via des cookies analytiques)<br\/>Respect des obligations l\u00e9gales<\/em><br\/><br\/>Nous ne traitons les donn\u00e9es \u00e0 caract\u00e8re personnel que lorsqu&rsquo;il existe une base juridique pour le faire, telle que le consentement, l&rsquo;ex\u00e9cution d&rsquo;un contrat ou un int\u00e9r\u00eat l\u00e9gitime.<br\/><br\/><strong>3. P\u00e9riode de conservation des donn\u00e9es personnelles<\/strong><br\/>Big Ass Battery ne conservera pas vos donn\u00e9es personnelles plus longtemps que ce qui est strictement n\u00e9cessaire pour atteindre les objectifs pour lesquels vos donn\u00e9es sont collect\u00e9es, sauf si nous sommes tenus par la loi de conserver les donn\u00e9es plus longtemps.<br\/><br\/><strong>4. Partage des donn\u00e9es personnelles avec des tiers<\/strong><br\/>Big Ass Battery ne vend pas vos donn\u00e9es \u00e0 des tiers et ne les fournira que si cela est n\u00e9cessaire pour l&rsquo;ex\u00e9cution de nos services ou pour se conformer \u00e0 une obligation l\u00e9gale.<br\/><br\/>Nous concluons des accords de traitement avec les parties qui traitent des donn\u00e9es \u00e0 caract\u00e8re personnel en notre nom (comme les fournisseurs d&rsquo;h\u00e9bergement ou les services d&rsquo;analyse) afin de garantir le m\u00eame niveau de s\u00e9curit\u00e9 et de confidentialit\u00e9.<br\/><br\/><strong>5. Cookies et techniques similaires<\/strong><br\/>Big Ass Battery utilise des cookies fonctionnels, analytiques et \u00e9ventuellement marketing pour assurer le bon fonctionnement et l&rsquo;optimisation du site web.<br\/><br\/>Lors de votre premi\u00e8re visite sur notre site web, nous vous informons de l&rsquo;utilisation de cookies et vous demandons votre consentement lorsque la loi l&rsquo;exige.<br\/><br\/>Vous pouvez d\u00e9sactiver les cookies via les param\u00e8tres de votre navigateur.<br\/><br\/><strong>6. Acc\u00e8s, rectification ou suppression des donn\u00e9es<\/strong><br\/>Vous avez le droit d&rsquo;acc\u00e9der, de rectifier ou de supprimer vos donn\u00e9es \u00e0 caract\u00e8re personnel. Vous avez \u00e9galement le droit de retirer votre consentement ou de vous opposer au traitement de vos donn\u00e9es personnelles. <br\/><br\/>Vous pouvez envoyer une demande via le formulaire de contact sur le site web ou par e-mail si cela est mentionn\u00e9. Nous vous r\u00e9pondrons le plus rapidement possible, mais au plus tard dans un d\u00e9lai de quatre semaines. <br\/><br\/><strong>7. S\u00e9curit\u00e9 des donn\u00e9es \u00e0 caract\u00e8re personnel<\/strong><br\/>Big Ass Battery prend les mesures techniques et organisationnelles appropri\u00e9es pour emp\u00eacher l&rsquo;utilisation abusive, la perte, l&rsquo;acc\u00e8s non autoris\u00e9 et la divulgation non d\u00e9sir\u00e9e des donn\u00e9es \u00e0 caract\u00e8re personnel.<br\/><br\/><strong>8. Modifications de cette<\/strong> politique de confidentialit\u00e9<br\/>Big Ass Battery se r\u00e9serve le droit de modifier cette politique de confidentialit\u00e9. Nous vous recommandons de consulter r\u00e9guli\u00e8rement cette politique de confidentialit\u00e9 afin d&rsquo;\u00eatre au courant de tout changement. <br\/><br\/><strong>9. Contact<\/strong><br\/>Pour toute question relative \u00e0 la pr\u00e9sente politique de confidentialit\u00e9 ou au traitement des donn\u00e9es \u00e0 caract\u00e8re personnel, veuillez nous contacter via le site web <a href=\"https:\/\/bigassbattery.com\">https:\/\/bigassbattery.com<\/a>.<\/p>\n","protected":false},"excerpt":{"rendered":"<p>Big Ass Battery, situ\u00e9 via le site web https:\/\/bigassbattery.com, est responsable du traitement des donn\u00e9es personnelles tel que refl\u00e9t\u00e9 dans cette politique de confidentialit\u00e9. Nous attachons une grande importance \u00e0 la protection de vos donn\u00e9es personnelles et les traitons avec soin et conform\u00e9ment au r\u00e8glement g\u00e9n\u00e9ral sur la protection des donn\u00e9es (RGPD). 1. Donn\u00e9es personnelles [&hellip;]<\/p>\n","protected":false},"author":11,"featured_media":0,"parent":0,"menu_order":0,"comment_status":"closed","ping_status":"closed","template":"pages\/policy-page-template.php","meta":{"_acf_changed":false,"footnotes":""},"class_list":["post-7079","page","type-page","status-publish","hentry"],"acf":[],"yoast_head":"<!-- This site is optimized with the Yoast SEO plugin v27.3 - https:\/\/yoast.com\/product\/yoast-seo-wordpress\/ -->\n<title>Politique de confidentialit\u00e9 - Big Ass Battery<\/title>\n<meta name=\"robots\" content=\"index, follow, max-snippet:-1, max-image-preview:large, max-video-preview:-1\" \/>\n<link rel=\"canonical\" href=\"https:\/\/bigassbattery.com\/fr\/politique-de-confidentialite\/\" \/>\n<meta property=\"og:locale\" content=\"fr_FR\" \/>\n<meta property=\"og:type\" content=\"article\" \/>\n<meta property=\"og:title\" content=\"Politique de confidentialit\u00e9 - Big Ass Battery\" \/>\n<meta property=\"og:description\" content=\"Big Ass Battery, situ\u00e9 via le site web https:\/\/bigassbattery.com, est responsable du traitement des donn\u00e9es personnelles tel que refl\u00e9t\u00e9 dans cette politique de confidentialit\u00e9. Nous attachons une grande importance \u00e0 la protection de vos donn\u00e9es personnelles et les traitons avec soin et conform\u00e9ment au r\u00e8glement g\u00e9n\u00e9ral sur la protection des donn\u00e9es (RGPD). 1. Donn\u00e9es personnelles [&hellip;]\" \/>\n<meta property=\"og:url\" content=\"https:\/\/bigassbattery.com\/fr\/politique-de-confidentialite\/\" \/>\n<meta property=\"og:site_name\" content=\"Big Ass Battery\" \/>\n<meta property=\"article:publisher\" content=\"https:\/\/m.facebook.com\/bigassbatterys\" \/>\n<meta property=\"article:modified_time\" content=\"2025-12-24T11:19:03+00:00\" \/>\n<meta name=\"twitter:card\" content=\"summary_large_image\" \/>\n<meta name=\"twitter:label1\" content=\"Dur\u00e9e de lecture estim\u00e9e\" \/>\n\t<meta name=\"twitter:data1\" content=\"3 minutes\" \/>\n<script type=\"application\/ld+json\" class=\"yoast-schema-graph\">{\"@context\":\"https:\\\/\\\/schema.org\",\"@graph\":[{\"@type\":\"WebPage\",\"@id\":\"https:\\\/\\\/bigassbattery.com\\\/fr\\\/politique-de-confidentialite\\\/\",\"url\":\"https:\\\/\\\/bigassbattery.com\\\/fr\\\/politique-de-confidentialite\\\/\",\"name\":\"Politique de confidentialit\u00e9 - Big Ass Battery\",\"isPartOf\":{\"@id\":\"https:\\\/\\\/bigassbattery.com\\\/fr\\\/#website\"},\"datePublished\":\"2025-12-04T15:38:51+00:00\",\"dateModified\":\"2025-12-24T11:19:03+00:00\",\"inLanguage\":\"fr-FR\",\"potentialAction\":[{\"@type\":\"ReadAction\",\"target\":[\"https:\\\/\\\/bigassbattery.com\\\/fr\\\/politique-de-confidentialite\\\/\"]}]},{\"@type\":\"WebSite\",\"@id\":\"https:\\\/\\\/bigassbattery.com\\\/fr\\\/#website\",\"url\":\"https:\\\/\\\/bigassbattery.com\\\/fr\\\/\",\"name\":\"Big Ass Battery\",\"description\":\"Batterijsystemen en omvormers\",\"publisher\":{\"@id\":\"https:\\\/\\\/bigassbattery.com\\\/fr\\\/#organization\"},\"potentialAction\":[{\"@type\":\"SearchAction\",\"target\":{\"@type\":\"EntryPoint\",\"urlTemplate\":\"https:\\\/\\\/bigassbattery.com\\\/fr\\\/?s={search_term_string}\"},\"query-input\":{\"@type\":\"PropertyValueSpecification\",\"valueRequired\":true,\"valueName\":\"search_term_string\"}}],\"inLanguage\":\"fr-FR\"},{\"@type\":\"Organization\",\"@id\":\"https:\\\/\\\/bigassbattery.com\\\/fr\\\/#organization\",\"name\":\"Big Ass Battery\",\"url\":\"https:\\\/\\\/bigassbattery.com\\\/fr\\\/\",\"logo\":{\"@type\":\"ImageObject\",\"inLanguage\":\"fr-FR\",\"@id\":\"https:\\\/\\\/bigassbattery.com\\\/fr\\\/#\\\/schema\\\/logo\\\/image\\\/\",\"url\":\"https:\\\/\\\/bigassbattery.com\\\/wp-content\\\/uploads\\\/2022\\\/07\\\/22129-big-ass-battery-inline-logo-reverse.png\",\"contentUrl\":\"https:\\\/\\\/bigassbattery.com\\\/wp-content\\\/uploads\\\/2022\\\/07\\\/22129-big-ass-battery-inline-logo-reverse.png\",\"width\":1200,\"height\":351,\"caption\":\"Big Ass Battery\"},\"image\":{\"@id\":\"https:\\\/\\\/bigassbattery.com\\\/fr\\\/#\\\/schema\\\/logo\\\/image\\\/\"},\"sameAs\":[\"https:\\\/\\\/m.facebook.com\\\/bigassbatterys\",\"https:\\\/\\\/nl.linkedin.com\\\/company\\\/big-ass-battery\",\"https:\\\/\\\/www.instagram.com\\\/bigassbattery\\\/?hl=nl\"]}]}<\/script>\n<!-- \/ Yoast SEO plugin. -->","yoast_head_json":{"title":"Politique de confidentialit\u00e9 - Big Ass Battery","robots":{"index":"index","follow":"follow","max-snippet":"max-snippet:-1","max-image-preview":"max-image-preview:large","max-video-preview":"max-video-preview:-1"},"canonical":"https:\/\/bigassbattery.com\/fr\/politique-de-confidentialite\/","og_locale":"fr_FR","og_type":"article","og_title":"Politique de confidentialit\u00e9 - Big Ass Battery","og_description":"Big Ass Battery, situ\u00e9 via le site web https:\/\/bigassbattery.com, est responsable du traitement des donn\u00e9es personnelles tel que refl\u00e9t\u00e9 dans cette politique de confidentialit\u00e9. Nous attachons une grande importance \u00e0 la protection de vos donn\u00e9es personnelles et les traitons avec soin et conform\u00e9ment au r\u00e8glement g\u00e9n\u00e9ral sur la protection des donn\u00e9es (RGPD). 1. Donn\u00e9es personnelles [&hellip;]","og_url":"https:\/\/bigassbattery.com\/fr\/politique-de-confidentialite\/","og_site_name":"Big Ass Battery","article_publisher":"https:\/\/m.facebook.com\/bigassbatterys","article_modified_time":"2025-12-24T11:19:03+00:00","twitter_card":"summary_large_image","twitter_misc":{"Dur\u00e9e de lecture estim\u00e9e":"3 minutes"},"schema":{"@context":"https:\/\/schema.org","@graph":[{"@type":"WebPage","@id":"https:\/\/bigassbattery.com\/fr\/politique-de-confidentialite\/","url":"https:\/\/bigassbattery.com\/fr\/politique-de-confidentialite\/","name":"Politique de confidentialit\u00e9 - Big Ass Battery","isPartOf":{"@id":"https:\/\/bigassbattery.com\/fr\/#website"},"datePublished":"2025-12-04T15:38:51+00:00","dateModified":"2025-12-24T11:19:03+00:00","inLanguage":"fr-FR","potentialAction":[{"@type":"ReadAction","target":["https:\/\/bigassbattery.com\/fr\/politique-de-confidentialite\/"]}]},{"@type":"WebSite","@id":"https:\/\/bigassbattery.com\/fr\/#website","url":"https:\/\/bigassbattery.com\/fr\/","name":"Big Ass Battery","description":"Batterijsystemen en omvormers","publisher":{"@id":"https:\/\/bigassbattery.com\/fr\/#organization"},"potentialAction":[{"@type":"SearchAction","target":{"@type":"EntryPoint","urlTemplate":"https:\/\/bigassbattery.com\/fr\/?s={search_term_string}"},"query-input":{"@type":"PropertyValueSpecification","valueRequired":true,"valueName":"search_term_string"}}],"inLanguage":"fr-FR"},{"@type":"Organization","@id":"https:\/\/bigassbattery.com\/fr\/#organization","name":"Big Ass Battery","url":"https:\/\/bigassbattery.com\/fr\/","logo":{"@type":"ImageObject","inLanguage":"fr-FR","@id":"https:\/\/bigassbattery.com\/fr\/#\/schema\/logo\/image\/","url":"https:\/\/bigassbattery.com\/wp-content\/uploads\/2022\/07\/22129-big-ass-battery-inline-logo-reverse.png","contentUrl":"https:\/\/bigassbattery.com\/wp-content\/uploads\/2022\/07\/22129-big-ass-battery-inline-logo-reverse.png","width":1200,"height":351,"caption":"Big Ass Battery"},"image":{"@id":"https:\/\/bigassbattery.com\/fr\/#\/schema\/logo\/image\/"},"sameAs":["https:\/\/m.facebook.com\/bigassbatterys","https:\/\/nl.linkedin.com\/company\/big-ass-battery","https:\/\/www.instagram.com\/bigassbattery\/?hl=nl"]}]}},"_links":{"self":[{"href":"https:\/\/bigassbattery.com\/fr\/wp-json\/wp\/v2\/pages\/7079","targetHints":{"allow":["GET"]}}],"collection":[{"href":"https:\/\/bigassbattery.com\/fr\/wp-json\/wp\/v2\/pages"}],"about":[{"href":"https:\/\/bigassbattery.com\/fr\/wp-json\/wp\/v2\/types\/page"}],"author":[{"embeddable":true,"href":"https:\/\/bigassbattery.com\/fr\/wp-json\/wp\/v2\/users\/11"}],"replies":[{"embeddable":true,"href":"https:\/\/bigassbattery.com\/fr\/wp-json\/wp\/v2\/comments?post=7079"}],"version-history":[{"count":1,"href":"https:\/\/bigassbattery.com\/fr\/wp-json\/wp\/v2\/pages\/7079\/revisions"}],"predecessor-version":[{"id":7080,"href":"https:\/\/bigassbattery.com\/fr\/wp-json\/wp\/v2\/pages\/7079\/revisions\/7080"}],"wp:attachment":[{"href":"https:\/\/bigassbattery.com\/fr\/wp-json\/wp\/v2\/media?parent=7079"}],"curies":[{"name":"wp","href":"https:\/\/api.w.org\/{rel}","templated":true}]}}