{"id":7081,"date":"2025-12-04T15:38:51","date_gmt":"2025-12-04T15:38:51","guid":{"rendered":"https:\/\/bigassbattery.com\/datenschutzbestimmungen\/"},"modified":"2025-12-24T11:20:03","modified_gmt":"2025-12-24T11:20:03","slug":"datenschutzbestimmungen","status":"publish","type":"page","link":"https:\/\/bigassbattery.com\/de\/datenschutzbestimmungen\/","title":{"rendered":"Datenschutzbestimmungen"},"content":{"rendered":"\n<p>Big Ass Battery, zu finden \u00fcber die Website <a href=\"https:\/\/bigassbattery.com\">https:\/\/bigassbattery.com,<\/a> ist verantwortlich f\u00fcr die Verarbeitung personenbezogener Daten, wie sie in dieser Datenschutzerkl\u00e4rung beschrieben sind.<\/p>\n\n<p>Wir legen Wert auf den Schutz Ihrer pers\u00f6nlichen Daten und verarbeiten sie sorgf\u00e4ltig und in \u00dcbereinstimmung mit der Allgemeinen Datenschutzverordnung (AVG).<br\/><br\/><strong>1. Pers\u00f6nliche Daten, die wir verarbeiten<\/strong><br\/>Big Ass Battery verarbeitet pers\u00f6nliche Daten, weil Sie unsere Website nutzen und\/oder weil Sie uns diese Daten selbst zur Verf\u00fcgung stellen. Dazu k\u00f6nnen die folgenden Daten geh\u00f6ren: <br\/><br\/><em>Vor- und Nachname<br\/>E-Mail-Adresse<br\/>Telefonnummer (falls ausgef\u00fcllt)<br\/>IP-Adresse<br\/>Andere pers\u00f6nliche Daten, die Sie aktiv angeben, z.B. \u00fcber ein Kontaktformular<br\/>Daten \u00fcber Ihre Aktivit\u00e4ten auf unserer Website<br\/>Browser- und Ger\u00e4tetyp<\/em><br\/><br\/><strong>2. Zu welchem Zweck und auf welcher Grundlage verarbeiten wir personenbezogene Daten<\/strong><br\/>Big Ass Battery verarbeitet Ihre personenbezogenen Daten zu den folgenden Zwecken:<br\/><br\/><em>Bearbeitung von Kontaktanfragen<br\/>Beantwortung von Fragen, die \u00fcber Formulare eingereicht werden<br\/>Verbesserung der Website und der Benutzererfahrung<br\/>Analyse des Besucherverhaltens (z.B. \u00fcber analytische Cookies)<br\/>Erf\u00fcllung rechtlicher Verpflichtungen<\/em><br\/><br\/>Wir verarbeiten personenbezogene Daten nur, wenn es daf\u00fcr eine rechtliche Grundlage gibt, wie z.B. die Einwilligung, die Erf\u00fcllung eines Vertrags oder ein berechtigtes Interesse.<br\/><br\/><strong>3. Aufbewahrungsdauer personenbezogener Daten<\/strong><br\/>Big Ass Battery wird Ihre personenbezogenen Daten nicht l\u00e4nger aufbewahren, als es f\u00fcr die Erf\u00fcllung der Zwecke, f\u00fcr die Ihre Daten erhoben wurden, unbedingt erforderlich ist, es sei denn, wir sind gesetzlich verpflichtet, die Daten l\u00e4nger aufzubewahren.<br\/><br\/><strong>4. Weitergabe personenbezogener Daten an Dritte<\/strong><br\/>Big Ass Battery verkauft Ihre Daten nicht an Dritte und gibt sie nur weiter, wenn dies f\u00fcr die Erbringung unserer Dienstleistungen oder zur Erf\u00fcllung einer gesetzlichen Verpflichtung erforderlich ist.<br\/><br\/>Wir schlie\u00dfen Verarbeitungsvertr\u00e4ge mit Parteien ab, die personenbezogene Daten in unserem Auftrag verarbeiten (z. B. Hosting-Anbieter oder Analysedienste), um das gleiche Ma\u00df an Sicherheit und Vertraulichkeit zu gew\u00e4hrleisten.<br\/><br\/><strong>5. Cookies und \u00e4hnliche Techniken<\/strong><br\/>Big Ass Battery verwendet funktionale, analytische und m\u00f6glicherweise Marketing-Cookies, damit die Website ordnungsgem\u00e4\u00df funktioniert und um sie zu optimieren.<br\/><br\/>Wenn Sie unsere Website zum ersten Mal besuchen, informieren wir Sie \u00fcber die Verwendung von Cookies und bitten Sie um Ihre Zustimmung, sofern dies gesetzlich vorgeschrieben ist.<br\/><br\/>Sie k\u00f6nnen Cookies \u00fcber Ihre Browsereinstellungen deaktivieren.<br\/><br\/><strong>6. Zugang, Berichtigung oder L\u00f6schung von Daten<\/strong><br\/>Sie haben das Recht auf Zugang, Berichtigung oder L\u00f6schung Ihrer personenbezogenen Daten. Sie haben auch das Recht, Ihre Zustimmung zu widerrufen oder der Verarbeitung Ihrer personenbezogenen Daten zu widersprechen. <br\/><br\/>Sie k\u00f6nnen eine Anfrage \u00fcber das Kontaktformular auf der Website oder per E-Mail senden, falls erw\u00e4hnt. Wir werden Ihnen so schnell wie m\u00f6glich antworten, sp\u00e4testens jedoch innerhalb von vier Wochen. <br\/><br\/><strong>7. Sicherheit personenbezogener Daten<\/strong><br\/>Big Ass Battery ergreift angemessene technische und organisatorische Ma\u00dfnahmen, um den Missbrauch, den Verlust, den unbefugten Zugriff und die unerw\u00fcnschte Offenlegung personenbezogener Daten zu verhindern.<br\/><br\/><strong>8. \u00c4nderungen an dieser Datenschutzrichtlinie<\/strong><br\/>Big Ass Battery beh\u00e4lt sich das Recht vor, diese Datenschutzrichtlinie zu \u00e4ndern. Wir empfehlen Ihnen, diese Datenschutzerkl\u00e4rung regelm\u00e4\u00dfig zu konsultieren, damit Sie \u00fcber alle \u00c4nderungen informiert sind. <br\/><br\/><strong>9. Kontakt<\/strong><br\/>Bei Fragen zu dieser Datenschutzrichtlinie oder der Verarbeitung personenbezogener Daten wenden Sie sich bitte \u00fcber die Website https:\/\/bigassbattery.com an uns <a href=\"https:\/\/bigassbattery.com\">.<\/a><\/p>\n","protected":false},"excerpt":{"rendered":"<p>Big Ass Battery, zu finden \u00fcber die Website https:\/\/bigassbattery.com, ist verantwortlich f\u00fcr die Verarbeitung personenbezogener Daten, wie sie in dieser Datenschutzerkl\u00e4rung beschrieben sind. Wir legen Wert auf den Schutz Ihrer pers\u00f6nlichen Daten und verarbeiten sie sorgf\u00e4ltig und in \u00dcbereinstimmung mit der Allgemeinen Datenschutzverordnung (AVG). 1. Pers\u00f6nliche Daten, die wir verarbeitenBig Ass Battery verarbeitet pers\u00f6nliche Daten, [&hellip;]<\/p>\n","protected":false},"author":11,"featured_media":0,"parent":0,"menu_order":0,"comment_status":"closed","ping_status":"closed","template":"pages\/policy-page-template.php","meta":{"_acf_changed":false,"footnotes":""},"class_list":["post-7081","page","type-page","status-publish","hentry"],"acf":[],"yoast_head":"<!-- This site is optimized with the Yoast SEO plugin v27.3 - https:\/\/yoast.com\/product\/yoast-seo-wordpress\/ -->\n<title>Datenschutzbestimmungen - Big Ass Battery<\/title>\n<meta name=\"robots\" content=\"index, follow, max-snippet:-1, max-image-preview:large, max-video-preview:-1\" \/>\n<link rel=\"canonical\" href=\"https:\/\/bigassbattery.com\/de\/datenschutzbestimmungen\/\" \/>\n<meta property=\"og:locale\" content=\"de_DE\" \/>\n<meta property=\"og:type\" content=\"article\" \/>\n<meta property=\"og:title\" content=\"Datenschutzbestimmungen - Big Ass Battery\" \/>\n<meta property=\"og:description\" content=\"Big Ass Battery, zu finden \u00fcber die Website https:\/\/bigassbattery.com, ist verantwortlich f\u00fcr die Verarbeitung personenbezogener Daten, wie sie in dieser Datenschutzerkl\u00e4rung beschrieben sind. Wir legen Wert auf den Schutz Ihrer pers\u00f6nlichen Daten und verarbeiten sie sorgf\u00e4ltig und in \u00dcbereinstimmung mit der Allgemeinen Datenschutzverordnung (AVG). 1. Pers\u00f6nliche Daten, die wir verarbeitenBig Ass Battery verarbeitet pers\u00f6nliche Daten, [&hellip;]\" \/>\n<meta property=\"og:url\" content=\"https:\/\/bigassbattery.com\/de\/datenschutzbestimmungen\/\" \/>\n<meta property=\"og:site_name\" content=\"Big Ass Battery\" \/>\n<meta property=\"article:publisher\" content=\"https:\/\/m.facebook.com\/bigassbatterys\" \/>\n<meta property=\"article:modified_time\" content=\"2025-12-24T11:20:03+00:00\" \/>\n<meta name=\"twitter:card\" content=\"summary_large_image\" \/>\n<meta name=\"twitter:label1\" content=\"Gesch\u00e4tzte Lesezeit\" \/>\n\t<meta name=\"twitter:data1\" content=\"3\u00a0Minuten\" \/>\n<script type=\"application\/ld+json\" class=\"yoast-schema-graph\">{\"@context\":\"https:\\\/\\\/schema.org\",\"@graph\":[{\"@type\":\"WebPage\",\"@id\":\"https:\\\/\\\/bigassbattery.com\\\/de\\\/datenschutzbestimmungen\\\/\",\"url\":\"https:\\\/\\\/bigassbattery.com\\\/de\\\/datenschutzbestimmungen\\\/\",\"name\":\"Datenschutzbestimmungen - Big Ass Battery\",\"isPartOf\":{\"@id\":\"https:\\\/\\\/bigassbattery.com\\\/de\\\/#website\"},\"datePublished\":\"2025-12-04T15:38:51+00:00\",\"dateModified\":\"2025-12-24T11:20:03+00:00\",\"inLanguage\":\"de\",\"potentialAction\":[{\"@type\":\"ReadAction\",\"target\":[\"https:\\\/\\\/bigassbattery.com\\\/de\\\/datenschutzbestimmungen\\\/\"]}]},{\"@type\":\"WebSite\",\"@id\":\"https:\\\/\\\/bigassbattery.com\\\/de\\\/#website\",\"url\":\"https:\\\/\\\/bigassbattery.com\\\/de\\\/\",\"name\":\"Big Ass Battery\",\"description\":\"Batterijsystemen en omvormers\",\"publisher\":{\"@id\":\"https:\\\/\\\/bigassbattery.com\\\/de\\\/#organization\"},\"potentialAction\":[{\"@type\":\"SearchAction\",\"target\":{\"@type\":\"EntryPoint\",\"urlTemplate\":\"https:\\\/\\\/bigassbattery.com\\\/de\\\/?s={search_term_string}\"},\"query-input\":{\"@type\":\"PropertyValueSpecification\",\"valueRequired\":true,\"valueName\":\"search_term_string\"}}],\"inLanguage\":\"de\"},{\"@type\":\"Organization\",\"@id\":\"https:\\\/\\\/bigassbattery.com\\\/de\\\/#organization\",\"name\":\"Big Ass Battery\",\"url\":\"https:\\\/\\\/bigassbattery.com\\\/de\\\/\",\"logo\":{\"@type\":\"ImageObject\",\"inLanguage\":\"de\",\"@id\":\"https:\\\/\\\/bigassbattery.com\\\/de\\\/#\\\/schema\\\/logo\\\/image\\\/\",\"url\":\"https:\\\/\\\/bigassbattery.com\\\/wp-content\\\/uploads\\\/2022\\\/07\\\/22129-big-ass-battery-inline-logo-reverse.png\",\"contentUrl\":\"https:\\\/\\\/bigassbattery.com\\\/wp-content\\\/uploads\\\/2022\\\/07\\\/22129-big-ass-battery-inline-logo-reverse.png\",\"width\":1200,\"height\":351,\"caption\":\"Big Ass Battery\"},\"image\":{\"@id\":\"https:\\\/\\\/bigassbattery.com\\\/de\\\/#\\\/schema\\\/logo\\\/image\\\/\"},\"sameAs\":[\"https:\\\/\\\/m.facebook.com\\\/bigassbatterys\",\"https:\\\/\\\/nl.linkedin.com\\\/company\\\/big-ass-battery\",\"https:\\\/\\\/www.instagram.com\\\/bigassbattery\\\/?hl=nl\"]}]}<\/script>\n<!-- \/ Yoast SEO plugin. -->","yoast_head_json":{"title":"Datenschutzbestimmungen - Big Ass Battery","robots":{"index":"index","follow":"follow","max-snippet":"max-snippet:-1","max-image-preview":"max-image-preview:large","max-video-preview":"max-video-preview:-1"},"canonical":"https:\/\/bigassbattery.com\/de\/datenschutzbestimmungen\/","og_locale":"de_DE","og_type":"article","og_title":"Datenschutzbestimmungen - Big Ass Battery","og_description":"Big Ass Battery, zu finden \u00fcber die Website https:\/\/bigassbattery.com, ist verantwortlich f\u00fcr die Verarbeitung personenbezogener Daten, wie sie in dieser Datenschutzerkl\u00e4rung beschrieben sind. Wir legen Wert auf den Schutz Ihrer pers\u00f6nlichen Daten und verarbeiten sie sorgf\u00e4ltig und in \u00dcbereinstimmung mit der Allgemeinen Datenschutzverordnung (AVG). 1. Pers\u00f6nliche Daten, die wir verarbeitenBig Ass Battery verarbeitet pers\u00f6nliche Daten, [&hellip;]","og_url":"https:\/\/bigassbattery.com\/de\/datenschutzbestimmungen\/","og_site_name":"Big Ass Battery","article_publisher":"https:\/\/m.facebook.com\/bigassbatterys","article_modified_time":"2025-12-24T11:20:03+00:00","twitter_card":"summary_large_image","twitter_misc":{"Gesch\u00e4tzte Lesezeit":"3\u00a0Minuten"},"schema":{"@context":"https:\/\/schema.org","@graph":[{"@type":"WebPage","@id":"https:\/\/bigassbattery.com\/de\/datenschutzbestimmungen\/","url":"https:\/\/bigassbattery.com\/de\/datenschutzbestimmungen\/","name":"Datenschutzbestimmungen - Big Ass Battery","isPartOf":{"@id":"https:\/\/bigassbattery.com\/de\/#website"},"datePublished":"2025-12-04T15:38:51+00:00","dateModified":"2025-12-24T11:20:03+00:00","inLanguage":"de","potentialAction":[{"@type":"ReadAction","target":["https:\/\/bigassbattery.com\/de\/datenschutzbestimmungen\/"]}]},{"@type":"WebSite","@id":"https:\/\/bigassbattery.com\/de\/#website","url":"https:\/\/bigassbattery.com\/de\/","name":"Big Ass Battery","description":"Batterijsystemen en omvormers","publisher":{"@id":"https:\/\/bigassbattery.com\/de\/#organization"},"potentialAction":[{"@type":"SearchAction","target":{"@type":"EntryPoint","urlTemplate":"https:\/\/bigassbattery.com\/de\/?s={search_term_string}"},"query-input":{"@type":"PropertyValueSpecification","valueRequired":true,"valueName":"search_term_string"}}],"inLanguage":"de"},{"@type":"Organization","@id":"https:\/\/bigassbattery.com\/de\/#organization","name":"Big Ass Battery","url":"https:\/\/bigassbattery.com\/de\/","logo":{"@type":"ImageObject","inLanguage":"de","@id":"https:\/\/bigassbattery.com\/de\/#\/schema\/logo\/image\/","url":"https:\/\/bigassbattery.com\/wp-content\/uploads\/2022\/07\/22129-big-ass-battery-inline-logo-reverse.png","contentUrl":"https:\/\/bigassbattery.com\/wp-content\/uploads\/2022\/07\/22129-big-ass-battery-inline-logo-reverse.png","width":1200,"height":351,"caption":"Big Ass Battery"},"image":{"@id":"https:\/\/bigassbattery.com\/de\/#\/schema\/logo\/image\/"},"sameAs":["https:\/\/m.facebook.com\/bigassbatterys","https:\/\/nl.linkedin.com\/company\/big-ass-battery","https:\/\/www.instagram.com\/bigassbattery\/?hl=nl"]}]}},"_links":{"self":[{"href":"https:\/\/bigassbattery.com\/de\/wp-json\/wp\/v2\/pages\/7081","targetHints":{"allow":["GET"]}}],"collection":[{"href":"https:\/\/bigassbattery.com\/de\/wp-json\/wp\/v2\/pages"}],"about":[{"href":"https:\/\/bigassbattery.com\/de\/wp-json\/wp\/v2\/types\/page"}],"author":[{"embeddable":true,"href":"https:\/\/bigassbattery.com\/de\/wp-json\/wp\/v2\/users\/11"}],"replies":[{"embeddable":true,"href":"https:\/\/bigassbattery.com\/de\/wp-json\/wp\/v2\/comments?post=7081"}],"version-history":[{"count":1,"href":"https:\/\/bigassbattery.com\/de\/wp-json\/wp\/v2\/pages\/7081\/revisions"}],"predecessor-version":[{"id":7082,"href":"https:\/\/bigassbattery.com\/de\/wp-json\/wp\/v2\/pages\/7081\/revisions\/7082"}],"wp:attachment":[{"href":"https:\/\/bigassbattery.com\/de\/wp-json\/wp\/v2\/media?parent=7081"}],"curies":[{"name":"wp","href":"https:\/\/api.w.org\/{rel}","templated":true}]}}